{"id":157,"date":"2016-08-23T18:07:16","date_gmt":"2016-08-23T16:07:16","guid":{"rendered":"http:\/\/wp.laternavox.com\/?page_id=157"},"modified":"2018-01-10T13:58:21","modified_gmt":"2018-01-10T12:58:21","slug":"laternaguide","status":"publish","type":"page","link":"https:\/\/www.laternavox.com\/index.php\/laternaguide\/","title":{"rendered":""},"content":{"rendered":"<p><img loading=\"lazy\" decoding=\"async\" class=\"aligncenter wp-image-238 size-full\" src=\"http:\/\/wp.laternavox.com\/wp-content\/uploads\/2016\/08\/fjutt.jpg\" alt=\"fjutt\" width=\"4237\" height=\"2620\" srcset=\"https:\/\/www.laternavox.com\/wp-content\/uploads\/2016\/08\/fjutt.jpg 4237w, https:\/\/www.laternavox.com\/wp-content\/uploads\/2016\/08\/fjutt-300x186.jpg 300w, https:\/\/www.laternavox.com\/wp-content\/uploads\/2016\/08\/fjutt-768x475.jpg 768w, https:\/\/www.laternavox.com\/wp-content\/uploads\/2016\/08\/fjutt-1024x633.jpg 1024w, https:\/\/www.laternavox.com\/wp-content\/uploads\/2016\/08\/fjutt-1440x890.jpg 1440w\" sizes=\"auto, (max-width: 4237px) 100vw, 4237px\" \/><\/p>\n<p>Vi har utvecklat ett koncept som fungerar\u00a0som en ber\u00e4ttande\u00a0skylt.<\/p>\n<p>Uppspelare \u00e4r bes\u00f6karens egen mobiltelefon eller surfplatta.<\/p>\n<p>\u00b7 Ingen speciell app beh\u00f6vs.<br \/>\n\u00b7 Det \u00e4r h\u00e5llbart och ekonomiskt f\u00f6rsvarligt.<br \/>\n\u00b7 Det fungerar till de flesta enheter.<\/p>\n<p>Vi kallar systemet f\u00f6r <strong>LaternaGuide.<\/strong><\/p>\n<p>Inneh\u00e5llet kan lagras och spridas via v\u00e5r egenutvecklade <strong>box;<\/strong> d\u00e5 blir guiden<\/p>\n<ul>\n<li>helt gratis f\u00f6r bes\u00f6kare, inga trafikkostnader och<\/li>\n<li>god funktion \u00e4ven vid d\u00e5lig mobilt\u00e4ckning.<\/li>\n<\/ul>\n<p>Detta eftersom inneh\u00e5llet lagras lokalt p\u00e5 boxen och f\u00f6rmedlas med h\u00f6g bandbredd (WiFi) till de enheter som \u00e4r i n\u00e4rheten via ett\u00a0lokalt n\u00e4tverk. T\u00e4ckning; 30-100 meter eller l\u00e4ngre, beroende p\u00e5 val av antenn, var tekniken installeras, hur landskapet ser ut mm.) <em><strong>Inneh\u00e5llet finns alltid dessutom tillg\u00e4ngligt via internet.<\/strong><\/em><\/p>\n<p>Boxen kan drivas av 12 volts AGM-batteri (bly) och solcellspanel. Man kan spara str\u00f6m genom att st\u00e4nga Wifi-n\u00e4tet p\u00e5 n\u00e4tter. I \u00f6vrigt anpassas storlek p\u00e5 batteri och solcell efter de krav som st\u00e4lls av kunden. Solljuset \u00e4r begr\u00e4nsat vinterns m\u00f6rkaste m\u00e5nader (december, januari). H\u00e4r har placering av solcellspanel mycket stor betydelse.<\/p>\n<p><img loading=\"lazy\" decoding=\"async\" class=\"alignright wp-image-1502 size-medium\" src=\"https:\/\/www.laternavox.com\/wp-content\/uploads\/2016\/08\/luke-300x225.jpg\" alt=\"\" width=\"300\" height=\"225\" srcset=\"https:\/\/www.laternavox.com\/wp-content\/uploads\/2016\/08\/luke-300x225.jpg 300w, https:\/\/www.laternavox.com\/wp-content\/uploads\/2016\/08\/luke-768x576.jpg 768w, https:\/\/www.laternavox.com\/wp-content\/uploads\/2016\/08\/luke-1024x768.jpg 1024w, https:\/\/www.laternavox.com\/wp-content\/uploads\/2016\/08\/luke-1440x1080.jpg 1440w\" sizes=\"auto, (max-width: 300px) 100vw, 300px\" \/> <img loading=\"lazy\" decoding=\"async\" class=\"alignleft wp-image-1503 size-medium\" src=\"https:\/\/www.laternavox.com\/wp-content\/uploads\/2016\/08\/12471734_963880810370469_797110862082574367_o-300x225.jpg\" alt=\"\" width=\"300\" height=\"225\" srcset=\"https:\/\/www.laternavox.com\/wp-content\/uploads\/2016\/08\/12471734_963880810370469_797110862082574367_o-300x225.jpg 300w, https:\/\/www.laternavox.com\/wp-content\/uploads\/2016\/08\/12471734_963880810370469_797110862082574367_o-768x576.jpg 768w, https:\/\/www.laternavox.com\/wp-content\/uploads\/2016\/08\/12471734_963880810370469_797110862082574367_o-1024x768.jpg 1024w, https:\/\/www.laternavox.com\/wp-content\/uploads\/2016\/08\/12471734_963880810370469_797110862082574367_o-1440x1080.jpg 1440w, https:\/\/www.laternavox.com\/wp-content\/uploads\/2016\/08\/12471734_963880810370469_797110862082574367_o.jpg 1632w\" sizes=\"auto, (max-width: 300px) 100vw, 300px\" \/><\/p>\n<h2><img loading=\"lazy\" decoding=\"async\" class=\"wp-image-1504 size-medium aligncenter\" src=\"https:\/\/www.laternavox.com\/wp-content\/uploads\/2016\/08\/Skjermbilde-2018-01-10-kl.-12.34.03-229x300.png\" alt=\"\" width=\"229\" height=\"300\" srcset=\"https:\/\/www.laternavox.com\/wp-content\/uploads\/2016\/08\/Skjermbilde-2018-01-10-kl.-12.34.03-229x300.png 229w, https:\/\/www.laternavox.com\/wp-content\/uploads\/2016\/08\/Skjermbilde-2018-01-10-kl.-12.34.03-768x1005.png 768w, https:\/\/www.laternavox.com\/wp-content\/uploads\/2016\/08\/Skjermbilde-2018-01-10-kl.-12.34.03-782x1024.png 782w, https:\/\/www.laternavox.com\/wp-content\/uploads\/2016\/08\/Skjermbilde-2018-01-10-kl.-12.34.03.png 926w\" sizes=\"auto, (max-width: 229px) 100vw, 229px\" \/><\/h2>\n<p>Vi\u00a0har ocks\u00e5 producerat en lucka med skylt innanf\u00f6r som beskriver hur man anv\u00e4nder guiden. Om s\u00e5 \u00f6nskas kan en b\u00e4nk eller stol byggas ihop med detta.<\/p>\n<p>Laterna Vox brukar bes\u00f6ka platsen f\u00f6r att planera och testa hur tekniken kan placeras, eller om s\u00e5 \u00f6nskas direkt utf\u00f6ra installation. Det \u00e4r annars m\u00f6jligt att kunden installerar. En solcellspanel skall kopplas till v\u00e5r box, antenn och batteri. Eftersom det \u00e4r l\u00e5gsp\u00e4nning finns inte krav p\u00e5 att anlita elektriker.<\/p>\n<p><strong>Inneh\u00e5ll<\/strong> skapas i samspel med plats och best\u00e4llare, p\u00e5 flera spr\u00e5k om s\u00e5 \u00f6nskas.<\/p>\n<p>Boxen leveras med inneh\u00e5ll. Senare \u00e4ndringar av inneh\u00e5llet kr\u00e4ver att kunden f\u00e5r en uppdaterad fil av Laterna Vox och d\u00e4refter bes\u00f6ker platsen med dator eller en mobiltelefon som kan hantera filer (android). Man ansluter systemet tr\u00e5dl\u00f6st och via en l\u00f6senordsskyddad administrations sida laddas det nya inneh\u00e5llet upp. Det \u00e4r inte komplicerat men kr\u00e4ver en dator eller mobiltelefon som kan ladda ned en eller flera filer fr\u00e5n internet.<\/p>\n<p>\u00c5rlig abonnemangsavgift (inkluderar uppdateringar, inneh\u00e5ll p\u00e5 LaternaGuide-box + inneh\u00e5ll p\u00e5 Internetserver):<\/p>\n<p>3500 kr (fr\u00e5n \u00e5r 2017)<\/p>\n","protected":false},"excerpt":{"rendered":"<p>Vi har utvecklat ett koncept som fungerar\u00a0som en ber\u00e4ttande\u00a0skylt. Uppspelare \u00e4r bes\u00f6karens egen mobiltelefon eller surfplatta. \u00b7 Ingen speciell app beh\u00f6vs. \u00b7 Det \u00e4r h\u00e5llbart och ekonomiskt f\u00f6rsvarligt. \u00b7 Det fungerar till de flesta enheter. Vi kallar systemet f\u00f6r LaternaGuide. Inneh\u00e5llet kan lagras och spridas via v\u00e5r egenutvecklade box; d\u00e5 blir guiden helt gratis f\u00f6r [&hellip;]<\/p>\n","protected":false},"author":2,"featured_media":0,"parent":0,"menu_order":0,"comment_status":"closed","ping_status":"closed","template":"","meta":{"_uag_custom_page_level_css":"","site-sidebar-layout":"default","site-content-layout":"","ast-site-content-layout":"default","site-content-style":"default","site-sidebar-style":"default","ast-global-header-display":"","ast-banner-title-visibility":"","ast-main-header-display":"","ast-hfb-above-header-display":"","ast-hfb-below-header-display":"","ast-hfb-mobile-header-display":"","site-post-title":"","ast-breadcrumbs-content":"","ast-featured-img":"","footer-sml-layout":"","ast-disable-related-posts":"","theme-transparent-header-meta":"","adv-header-id-meta":"","stick-header-meta":"","header-above-stick-meta":"","header-main-stick-meta":"","header-below-stick-meta":"","astra-migrate-meta-layouts":"default","ast-page-background-enabled":"default","ast-page-background-meta":{"desktop":{"background-color":"var(--ast-global-color-4)","background-image":"","background-repeat":"repeat","background-position":"center center","background-size":"auto","background-attachment":"scroll","background-type":"","background-media":"","overlay-type":"","overlay-color":"","overlay-opacity":"","overlay-gradient":""},"tablet":{"background-color":"","background-image":"","background-repeat":"repeat","background-position":"center center","background-size":"auto","background-attachment":"scroll","background-type":"","background-media":"","overlay-type":"","overlay-color":"","overlay-opacity":"","overlay-gradient":""},"mobile":{"background-color":"","background-image":"","background-repeat":"repeat","background-position":"center center","background-size":"auto","background-attachment":"scroll","background-type":"","background-media":"","overlay-type":"","overlay-color":"","overlay-opacity":"","overlay-gradient":""}},"ast-content-background-meta":{"desktop":{"background-color":"var(--ast-global-color-5)","background-image":"","background-repeat":"repeat","background-position":"center center","background-size":"auto","background-attachment":"scroll","background-type":"","background-media":"","overlay-type":"","overlay-color":"","overlay-opacity":"","overlay-gradient":""},"tablet":{"background-color":"var(--ast-global-color-5)","background-image":"","background-repeat":"repeat","background-position":"center center","background-size":"auto","background-attachment":"scroll","background-type":"","background-media":"","overlay-type":"","overlay-color":"","overlay-opacity":"","overlay-gradient":""},"mobile":{"background-color":"var(--ast-global-color-5)","background-image":"","background-repeat":"repeat","background-position":"center center","background-size":"auto","background-attachment":"scroll","background-type":"","background-media":"","overlay-type":"","overlay-color":"","overlay-opacity":"","overlay-gradient":""}},"footnotes":""},"class_list":["post-157","page","type-page","status-publish","hentry"],"uagb_featured_image_src":{"full":false,"thumbnail":false,"medium":false,"medium_large":false,"large":false,"1536x1536":false,"2048x2048":false},"uagb_author_info":{"display_name":"Anette Rattfelt","author_link":"https:\/\/www.laternavox.com\/index.php\/author\/anra\/"},"uagb_comment_info":0,"uagb_excerpt":"Vi har utvecklat ett koncept som fungerar\u00a0som en ber\u00e4ttande\u00a0skylt. Uppspelare \u00e4r bes\u00f6karens egen mobiltelefon eller surfplatta. \u00b7 Ingen speciell app beh\u00f6vs. \u00b7 Det \u00e4r h\u00e5llbart och ekonomiskt f\u00f6rsvarligt. \u00b7 Det fungerar till de flesta enheter. Vi kallar systemet f\u00f6r LaternaGuide. Inneh\u00e5llet kan lagras och spridas via v\u00e5r egenutvecklade box; d\u00e5 blir guiden helt gratis f\u00f6r&hellip;","_links":{"self":[{"href":"https:\/\/www.laternavox.com\/index.php\/wp-json\/wp\/v2\/pages\/157","targetHints":{"allow":["GET"]}}],"collection":[{"href":"https:\/\/www.laternavox.com\/index.php\/wp-json\/wp\/v2\/pages"}],"about":[{"href":"https:\/\/www.laternavox.com\/index.php\/wp-json\/wp\/v2\/types\/page"}],"author":[{"embeddable":true,"href":"https:\/\/www.laternavox.com\/index.php\/wp-json\/wp\/v2\/users\/2"}],"replies":[{"embeddable":true,"href":"https:\/\/www.laternavox.com\/index.php\/wp-json\/wp\/v2\/comments?post=157"}],"version-history":[{"count":36,"href":"https:\/\/www.laternavox.com\/index.php\/wp-json\/wp\/v2\/pages\/157\/revisions"}],"predecessor-version":[{"id":1514,"href":"https:\/\/www.laternavox.com\/index.php\/wp-json\/wp\/v2\/pages\/157\/revisions\/1514"}],"wp:attachment":[{"href":"https:\/\/www.laternavox.com\/index.php\/wp-json\/wp\/v2\/media?parent=157"}],"curies":[{"name":"wp","href":"https:\/\/api.w.org\/{rel}","templated":true}]}}