{"id":25,"date":"2016-08-22T12:38:41","date_gmt":"2016-08-22T10:38:41","guid":{"rendered":"http:\/\/wp.laternavox.com\/?page_id=25"},"modified":"2024-04-27T23:57:21","modified_gmt":"2024-04-27T21:57:21","slug":"projekt","status":"publish","type":"page","link":"https:\/\/www.laternavox.com\/index.php\/projekt\/","title":{"rendered":"Vad g\u00f6r vi?"},"content":{"rendered":"<p>Vi designar och producerar information. Det kan vara \u00a0skyltar i naturen, en digital guide, en quiz eller n\u00e5got annat som beh\u00f6ver text, bild eller ljud. Vi bearbetar inneh\u00e5ll som finns eller tar det hela fr\u00e5n b\u00f6rjan med f\u00f6rarbete, inspelning, fotografering, redigering och skrivande. Vi fixar den f\u00f6rmedling som \u00f6nskas, och har egna tekniska l\u00f6sningar. Till v\u00e5r hj\u00e4lp har vi goda samarbetspartners, t ex Jonas Langbr\u00e5ten som har fotograferat den h\u00e4r sandl\u00f6paren. Den \u00e4r p\u00e5 en skylt som vi har designat, baserat p\u00e5 en designmall f\u00f6r naturreservat i Norge.<\/p>\n<h4><img loading=\"lazy\" decoding=\"async\" class=\"size-large wp-image-1555 aligncenter\" src=\"https:\/\/www.laternavox.com\/wp-content\/uploads\/2020\/10\/sandl\u00f8pere-1024x728.png\" alt=\"\" width=\"740\" height=\"526\" srcset=\"https:\/\/www.laternavox.com\/wp-content\/uploads\/2020\/10\/sandl\u00f8pere-1024x728.png 1024w, https:\/\/www.laternavox.com\/wp-content\/uploads\/2020\/10\/sandl\u00f8pere-300x213.png 300w, https:\/\/www.laternavox.com\/wp-content\/uploads\/2020\/10\/sandl\u00f8pere-768x546.png 768w, https:\/\/www.laternavox.com\/wp-content\/uploads\/2020\/10\/sandl\u00f8pere-1440x1024.png 1440w, https:\/\/www.laternavox.com\/wp-content\/uploads\/2020\/10\/sandl\u00f8pere.png 1584w\" sizes=\"auto, (max-width: 740px) 100vw, 740px\" \/><\/h4>\n<p>\u00a0<\/p>\n<p><img loading=\"lazy\" decoding=\"async\" class=\"aligncenter wp-image-1195 size-full\" src=\"https:\/\/www.laternavox.com\/wp-content\/uploads\/2016\/08\/exempelguide.jpg\" alt=\"\" width=\"1582\" height=\"764\" srcset=\"https:\/\/www.laternavox.com\/wp-content\/uploads\/2016\/08\/exempelguide.jpg 1582w, https:\/\/www.laternavox.com\/wp-content\/uploads\/2016\/08\/exempelguide-300x145.jpg 300w, https:\/\/www.laternavox.com\/wp-content\/uploads\/2016\/08\/exempelguide-768x371.jpg 768w, https:\/\/www.laternavox.com\/wp-content\/uploads\/2016\/08\/exempelguide-1024x495.jpg 1024w, https:\/\/www.laternavox.com\/wp-content\/uploads\/2016\/08\/exempelguide-1440x695.jpg 1440w\" sizes=\"auto, (max-width: 1582px) 100vw, 1582px\" \/><\/p>\n<p>\u00a0<\/p>\n<h1><img loading=\"lazy\" decoding=\"async\" class=\"aligncenter wp-image-1196 size-large\" src=\"https:\/\/www.laternavox.com\/wp-content\/uploads\/2016\/08\/svalbardlydtilutstillinbg-1024x360.jpg\" width=\"740\" height=\"260\" srcset=\"https:\/\/www.laternavox.com\/wp-content\/uploads\/2016\/08\/svalbardlydtilutstillinbg-1024x360.jpg 1024w, https:\/\/www.laternavox.com\/wp-content\/uploads\/2016\/08\/svalbardlydtilutstillinbg-300x105.jpg 300w, https:\/\/www.laternavox.com\/wp-content\/uploads\/2016\/08\/svalbardlydtilutstillinbg-768x270.jpg 768w, https:\/\/www.laternavox.com\/wp-content\/uploads\/2016\/08\/svalbardlydtilutstillinbg-1440x506.jpg 1440w, https:\/\/www.laternavox.com\/wp-content\/uploads\/2016\/08\/svalbardlydtilutstillinbg.jpg 1702w\" sizes=\"auto, (max-width: 740px) 100vw, 740px\" \/><\/h1>\n<p>Ett tidigare projekt var att producera ljud och ber\u00e4ttelser till en telegrafstation\u00a0i Ny \u00c5lesund p\u00e5\u00a0Svalbard.\u00a0En mix av historiska milj\u00f6ljud h\u00f6rs hela tiden och p\u00e5 en sk\u00e4rm i huset kan man v\u00e4lja att ist\u00e4llet lyssna p\u00e5\u00a0historier fr\u00e5n platsen.<\/p>\n<p><img loading=\"lazy\" decoding=\"async\" class=\"aligncenter wp-image-1453 size-large\" src=\"https:\/\/www.laternavox.com\/wp-content\/uploads\/2017\/11\/11885000_893258947432656_6251413386424268658_o-e1510741264510-1024x803.jpg\" alt=\"\" width=\"740\" height=\"580\" srcset=\"https:\/\/www.laternavox.com\/wp-content\/uploads\/2017\/11\/11885000_893258947432656_6251413386424268658_o-e1510741264510-1024x803.jpg 1024w, https:\/\/www.laternavox.com\/wp-content\/uploads\/2017\/11\/11885000_893258947432656_6251413386424268658_o-e1510741264510-300x235.jpg 300w, https:\/\/www.laternavox.com\/wp-content\/uploads\/2017\/11\/11885000_893258947432656_6251413386424268658_o-e1510741264510-768x602.jpg 768w, https:\/\/www.laternavox.com\/wp-content\/uploads\/2017\/11\/11885000_893258947432656_6251413386424268658_o-e1510741264510.jpg 1071w\" sizes=\"auto, (max-width: 740px) 100vw, 740px\" \/><\/p>\n<p><a href=\"https:\/\/www.facebook.com\/lyttestasjon\/\"><strong>Poesistolen vid &laquo;Lytteastasjonen&raquo;.<\/strong><\/a> Vid Norges sydspets har vi byggt en poesistol, vi kallar den &laquo;Lyttestasjonen&raquo;. Lyssna till barn som pratar om livet eller poesi. Dikterna blir l\u00e4sta ifr\u00e5n stolens rygg. Bes\u00f6kare\u00a0v\u00e4ljer dikt och spr\u00e5k\u00a0via mobilen. Det finns ocks\u00e5 en liten g\u00e4stbok bredvid stolen p\u00e5 klippan. Mer om &laquo;Lyttestasjonen&raquo; p\u00e5 <strong><a href=\"https:\/\/www.tripadvisor.co.uk\/LocationPhotoDirectLink-g1949763-d8499243-i143811592-Lyttestasjonen_paa_Trones-Spangereid_Lindesnes_Municipality_Vest_Agder_.html\">TripAdvisor<\/a>.<\/strong><\/p>\n<p><img loading=\"lazy\" decoding=\"async\" class=\"aligncenter wp-image-1391 size-large\" src=\"https:\/\/www.laternavox.com\/wp-content\/uploads\/2016\/08\/20369569_1769659529715259_112919340056568977_o-e1510570058256-1024x332.jpg\" alt=\"\" width=\"740\" height=\"240\" srcset=\"https:\/\/www.laternavox.com\/wp-content\/uploads\/2016\/08\/20369569_1769659529715259_112919340056568977_o-e1510570058256-1024x332.jpg 1024w, https:\/\/www.laternavox.com\/wp-content\/uploads\/2016\/08\/20369569_1769659529715259_112919340056568977_o-e1510570058256-300x97.jpg 300w, https:\/\/www.laternavox.com\/wp-content\/uploads\/2016\/08\/20369569_1769659529715259_112919340056568977_o-e1510570058256-768x249.jpg 768w, https:\/\/www.laternavox.com\/wp-content\/uploads\/2016\/08\/20369569_1769659529715259_112919340056568977_o-e1510570058256.jpg 1063w\" sizes=\"auto, (max-width: 740px) 100vw, 740px\" \/><\/p>\n<p><iframe loading=\"lazy\" src=\"https:\/\/www.youtube.com\/embed\/IOEyIw8vWNc?rel=0\" width=\"420\" height=\"315\" frameborder=\"0\" allowfullscreen=\"allowfullscreen\"><\/iframe><\/p>\n<p>10 000 \u00e5r p\u00e5 12 minuter; En tidsresa i ljud, l\u00e4ngre och l\u00e4ngre tillbaka i tiden. Inneh\u00e5llet \u00e4r en\u00a0vandring utifr\u00e5n\u00a0fyra platser i Uppsala. H\u00e4r ihopsatta till en helhet.<\/p>\n<h4><strong>Exempel p\u00e5 kunder:<\/strong><\/h4>\n<p><img loading=\"lazy\" decoding=\"async\" class=\"aligncenter wp-image-1366 size-full\" src=\"https:\/\/www.laternavox.com\/wp-content\/uploads\/2017\/11\/Skjermbilde-2017-11-13-kl.-00.46.10.png\" alt=\"\" width=\"1602\" height=\"888\" srcset=\"https:\/\/www.laternavox.com\/wp-content\/uploads\/2017\/11\/Skjermbilde-2017-11-13-kl.-00.46.10.png 1602w, https:\/\/www.laternavox.com\/wp-content\/uploads\/2017\/11\/Skjermbilde-2017-11-13-kl.-00.46.10-300x166.png 300w, https:\/\/www.laternavox.com\/wp-content\/uploads\/2017\/11\/Skjermbilde-2017-11-13-kl.-00.46.10-768x426.png 768w, https:\/\/www.laternavox.com\/wp-content\/uploads\/2017\/11\/Skjermbilde-2017-11-13-kl.-00.46.10-1024x568.png 1024w, https:\/\/www.laternavox.com\/wp-content\/uploads\/2017\/11\/Skjermbilde-2017-11-13-kl.-00.46.10-1440x798.png 1440w\" sizes=\"auto, (max-width: 1602px) 100vw, 1602px\" \/><\/p>\n\n\n<figure class=\"wp-block-image aligncenter\"><img loading=\"lazy\" decoding=\"async\" width=\"1430\" height=\"643\" src=\"https:\/\/www.laternavox.com\/wp-content\/uploads\/2016\/08\/Skjermbilde-2017-11-12-kl.-23.57.54-1.png\" alt=\"\" class=\"wp-image-1355\" srcset=\"https:\/\/www.laternavox.com\/wp-content\/uploads\/2016\/08\/Skjermbilde-2017-11-12-kl.-23.57.54-1.png 1430w, https:\/\/www.laternavox.com\/wp-content\/uploads\/2016\/08\/Skjermbilde-2017-11-12-kl.-23.57.54-1-300x135.png 300w, https:\/\/www.laternavox.com\/wp-content\/uploads\/2016\/08\/Skjermbilde-2017-11-12-kl.-23.57.54-1-768x345.png 768w, https:\/\/www.laternavox.com\/wp-content\/uploads\/2016\/08\/Skjermbilde-2017-11-12-kl.-23.57.54-1-1024x460.png 1024w\" sizes=\"auto, (max-width: 1430px) 100vw, 1430px\" \/><\/figure>\n","protected":false},"excerpt":{"rendered":"<p>Vi designar och producerar information. Det kan vara \u00a0skyltar i naturen, en digital guide, en quiz eller n\u00e5got annat som beh\u00f6ver text, bild eller ljud. Vi bearbetar inneh\u00e5ll som finns eller tar det hela fr\u00e5n b\u00f6rjan med f\u00f6rarbete, inspelning, fotografering, redigering och skrivande. Vi fixar den f\u00f6rmedling som \u00f6nskas, och har egna tekniska l\u00f6sningar. Till [&hellip;]<\/p>\n","protected":false},"author":2,"featured_media":1381,"parent":0,"menu_order":0,"comment_status":"closed","ping_status":"closed","template":"","meta":{"_uag_custom_page_level_css":"","site-sidebar-layout":"default","site-content-layout":"","ast-site-content-layout":"default","site-content-style":"default","site-sidebar-style":"default","ast-global-header-display":"","ast-banner-title-visibility":"","ast-main-header-display":"","ast-hfb-above-header-display":"","ast-hfb-below-header-display":"","ast-hfb-mobile-header-display":"","site-post-title":"","ast-breadcrumbs-content":"","ast-featured-img":"","footer-sml-layout":"","ast-disable-related-posts":"","theme-transparent-header-meta":"","adv-header-id-meta":"","stick-header-meta":"","header-above-stick-meta":"","header-main-stick-meta":"","header-below-stick-meta":"","astra-migrate-meta-layouts":"default","ast-page-background-enabled":"default","ast-page-background-meta":{"desktop":{"background-color":"var(--ast-global-color-4)","background-image":"","background-repeat":"repeat","background-position":"center center","background-size":"auto","background-attachment":"scroll","background-type":"","background-media":"","overlay-type":"","overlay-color":"","overlay-opacity":"","overlay-gradient":""},"tablet":{"background-color":"","background-image":"","background-repeat":"repeat","background-position":"center center","background-size":"auto","background-attachment":"scroll","background-type":"","background-media":"","overlay-type":"","overlay-color":"","overlay-opacity":"","overlay-gradient":""},"mobile":{"background-color":"","background-image":"","background-repeat":"repeat","background-position":"center center","background-size":"auto","background-attachment":"scroll","background-type":"","background-media":"","overlay-type":"","overlay-color":"","overlay-opacity":"","overlay-gradient":""}},"ast-content-background-meta":{"desktop":{"background-color":"var(--ast-global-color-5)","background-image":"","background-repeat":"repeat","background-position":"center center","background-size":"auto","background-attachment":"scroll","background-type":"","background-media":"","overlay-type":"","overlay-color":"","overlay-opacity":"","overlay-gradient":""},"tablet":{"background-color":"var(--ast-global-color-5)","background-image":"","background-repeat":"repeat","background-position":"center center","background-size":"auto","background-attachment":"scroll","background-type":"","background-media":"","overlay-type":"","overlay-color":"","overlay-opacity":"","overlay-gradient":""},"mobile":{"background-color":"var(--ast-global-color-5)","background-image":"","background-repeat":"repeat","background-position":"center center","background-size":"auto","background-attachment":"scroll","background-type":"","background-media":"","overlay-type":"","overlay-color":"","overlay-opacity":"","overlay-gradient":""}},"footnotes":""},"class_list":["post-25","page","type-page","status-publish","has-post-thumbnail","hentry"],"uagb_featured_image_src":{"full":["https:\/\/www.laternavox.com\/wp-content\/uploads\/2016\/08\/vag5.jpg",5970,1814,false],"thumbnail":["https:\/\/www.laternavox.com\/wp-content\/uploads\/2016\/08\/vag5-150x150.jpg",150,150,true],"medium":["https:\/\/www.laternavox.com\/wp-content\/uploads\/2016\/08\/vag5-300x91.jpg",300,91,true],"medium_large":["https:\/\/www.laternavox.com\/wp-content\/uploads\/2016\/08\/vag5-768x233.jpg",768,233,true],"large":["https:\/\/www.laternavox.com\/wp-content\/uploads\/2016\/08\/vag5-1024x311.jpg",1024,311,true],"1536x1536":["https:\/\/www.laternavox.com\/wp-content\/uploads\/2016\/08\/vag5.jpg",1536,467,false],"2048x2048":["https:\/\/www.laternavox.com\/wp-content\/uploads\/2016\/08\/vag5.jpg",2048,622,false]},"uagb_author_info":{"display_name":"Anette Rattfelt","author_link":"https:\/\/www.laternavox.com\/index.php\/author\/anra\/"},"uagb_comment_info":0,"uagb_excerpt":"Vi designar och producerar information. Det kan vara \u00a0skyltar i naturen, en digital guide, en quiz eller n\u00e5got annat som beh\u00f6ver text, bild eller ljud. Vi bearbetar inneh\u00e5ll som finns eller tar det hela fr\u00e5n b\u00f6rjan med f\u00f6rarbete, inspelning, fotografering, redigering och skrivande. Vi fixar den f\u00f6rmedling som \u00f6nskas, och har egna tekniska l\u00f6sningar. Till&hellip;","_links":{"self":[{"href":"https:\/\/www.laternavox.com\/index.php\/wp-json\/wp\/v2\/pages\/25","targetHints":{"allow":["GET"]}}],"collection":[{"href":"https:\/\/www.laternavox.com\/index.php\/wp-json\/wp\/v2\/pages"}],"about":[{"href":"https:\/\/www.laternavox.com\/index.php\/wp-json\/wp\/v2\/types\/page"}],"author":[{"embeddable":true,"href":"https:\/\/www.laternavox.com\/index.php\/wp-json\/wp\/v2\/users\/2"}],"replies":[{"embeddable":true,"href":"https:\/\/www.laternavox.com\/index.php\/wp-json\/wp\/v2\/comments?post=25"}],"version-history":[{"count":319,"href":"https:\/\/www.laternavox.com\/index.php\/wp-json\/wp\/v2\/pages\/25\/revisions"}],"predecessor-version":[{"id":1784,"href":"https:\/\/www.laternavox.com\/index.php\/wp-json\/wp\/v2\/pages\/25\/revisions\/1784"}],"wp:featuredmedia":[{"embeddable":true,"href":"https:\/\/www.laternavox.com\/index.php\/wp-json\/wp\/v2\/media\/1381"}],"wp:attachment":[{"href":"https:\/\/www.laternavox.com\/index.php\/wp-json\/wp\/v2\/media?parent=25"}],"curies":[{"name":"wp","href":"https:\/\/api.w.org\/{rel}","templated":true}]}}