{"id":27,"date":"2016-08-22T12:39:14","date_gmt":"2016-08-22T10:39:14","guid":{"rendered":"http:\/\/wp.laternavox.com\/?page_id=27"},"modified":"2022-09-13T16:45:56","modified_gmt":"2022-09-13T14:45:56","slug":"norsk","status":"publish","type":"page","link":"https:\/\/www.laternavox.com\/index.php\/norsk\/","title":{"rendered":""},"content":{"rendered":"<p>Laterna Vox AS er et nettverk av kompetanse. Kundene v\u00e5re finnes i Norge og Sverige.<\/p>\n<p>P\u00e5 bildet en poesistol, <em>Lyttestasjonen ved Trones<\/em>, p\u00e5 Lindesnes.<\/p>\n","protected":false},"excerpt":{"rendered":"<p>Laterna Vox AS er et nettverk av kompetanse. Kundene v\u00e5re finnes i Norge og Sverige. P\u00e5 bildet en poesistol, Lyttestasjonen ved Trones, p\u00e5 Lindesnes.<\/p>\n","protected":false},"author":2,"featured_media":338,"parent":0,"menu_order":0,"comment_status":"closed","ping_status":"closed","template":"","meta":{"_uag_custom_page_level_css":"","site-sidebar-layout":"default","site-content-layout":"","ast-site-content-layout":"default","site-content-style":"default","site-sidebar-style":"default","ast-global-header-display":"","ast-banner-title-visibility":"","ast-main-header-display":"","ast-hfb-above-header-display":"","ast-hfb-below-header-display":"","ast-hfb-mobile-header-display":"","site-post-title":"","ast-breadcrumbs-content":"","ast-featured-img":"","footer-sml-layout":"","ast-disable-related-posts":"","theme-transparent-header-meta":"","adv-header-id-meta":"","stick-header-meta":"","header-above-stick-meta":"","header-main-stick-meta":"","header-below-stick-meta":"","astra-migrate-meta-layouts":"default","ast-page-background-enabled":"default","ast-page-background-meta":{"desktop":{"background-color":"var(--ast-global-color-4)","background-image":"","background-repeat":"repeat","background-position":"center center","background-size":"auto","background-attachment":"scroll","background-type":"","background-media":"","overlay-type":"","overlay-color":"","overlay-opacity":"","overlay-gradient":""},"tablet":{"background-color":"","background-image":"","background-repeat":"repeat","background-position":"center center","background-size":"auto","background-attachment":"scroll","background-type":"","background-media":"","overlay-type":"","overlay-color":"","overlay-opacity":"","overlay-gradient":""},"mobile":{"background-color":"","background-image":"","background-repeat":"repeat","background-position":"center center","background-size":"auto","background-attachment":"scroll","background-type":"","background-media":"","overlay-type":"","overlay-color":"","overlay-opacity":"","overlay-gradient":""}},"ast-content-background-meta":{"desktop":{"background-color":"var(--ast-global-color-5)","background-image":"","background-repeat":"repeat","background-position":"center center","background-size":"auto","background-attachment":"scroll","background-type":"","background-media":"","overlay-type":"","overlay-color":"","overlay-opacity":"","overlay-gradient":""},"tablet":{"background-color":"var(--ast-global-color-5)","background-image":"","background-repeat":"repeat","background-position":"center center","background-size":"auto","background-attachment":"scroll","background-type":"","background-media":"","overlay-type":"","overlay-color":"","overlay-opacity":"","overlay-gradient":""},"mobile":{"background-color":"var(--ast-global-color-5)","background-image":"","background-repeat":"repeat","background-position":"center center","background-size":"auto","background-attachment":"scroll","background-type":"","background-media":"","overlay-type":"","overlay-color":"","overlay-opacity":"","overlay-gradient":""}},"footnotes":""},"class_list":["post-27","page","type-page","status-publish","has-post-thumbnail","hentry"],"uagb_featured_image_src":{"full":["https:\/\/www.laternavox.com\/wp-content\/uploads\/2016\/08\/11754812_882730705152147_4544680122206168446_o-e1472742161804.jpg",2001,980,false],"thumbnail":["https:\/\/www.laternavox.com\/wp-content\/uploads\/2016\/08\/11754812_882730705152147_4544680122206168446_o-e1472742161804-150x150.jpg",150,150,true],"medium":["https:\/\/www.laternavox.com\/wp-content\/uploads\/2016\/08\/11754812_882730705152147_4544680122206168446_o-e1472742161804-300x147.jpg",300,147,true],"medium_large":["https:\/\/www.laternavox.com\/wp-content\/uploads\/2016\/08\/11754812_882730705152147_4544680122206168446_o-e1472742161804-768x376.jpg",768,376,true],"large":["https:\/\/www.laternavox.com\/wp-content\/uploads\/2016\/08\/11754812_882730705152147_4544680122206168446_o-e1472742161804-1024x502.jpg",1024,502,true],"1536x1536":["https:\/\/www.laternavox.com\/wp-content\/uploads\/2016\/08\/11754812_882730705152147_4544680122206168446_o-e1472742161804.jpg",1536,752,false],"2048x2048":["https:\/\/www.laternavox.com\/wp-content\/uploads\/2016\/08\/11754812_882730705152147_4544680122206168446_o-e1472742161804.jpg",2001,980,false]},"uagb_author_info":{"display_name":"Anette Rattfelt","author_link":"https:\/\/www.laternavox.com\/index.php\/author\/anra\/"},"uagb_comment_info":0,"uagb_excerpt":"Laterna Vox AS er et nettverk av kompetanse. Kundene v\u00e5re finnes i Norge og Sverige. P\u00e5 bildet en poesistol, Lyttestasjonen ved Trones, p\u00e5 Lindesnes.","_links":{"self":[{"href":"https:\/\/www.laternavox.com\/index.php\/wp-json\/wp\/v2\/pages\/27","targetHints":{"allow":["GET"]}}],"collection":[{"href":"https:\/\/www.laternavox.com\/index.php\/wp-json\/wp\/v2\/pages"}],"about":[{"href":"https:\/\/www.laternavox.com\/index.php\/wp-json\/wp\/v2\/types\/page"}],"author":[{"embeddable":true,"href":"https:\/\/www.laternavox.com\/index.php\/wp-json\/wp\/v2\/users\/2"}],"replies":[{"embeddable":true,"href":"https:\/\/www.laternavox.com\/index.php\/wp-json\/wp\/v2\/comments?post=27"}],"version-history":[{"count":12,"href":"https:\/\/www.laternavox.com\/index.php\/wp-json\/wp\/v2\/pages\/27\/revisions"}],"predecessor-version":[{"id":1738,"href":"https:\/\/www.laternavox.com\/index.php\/wp-json\/wp\/v2\/pages\/27\/revisions\/1738"}],"wp:featuredmedia":[{"embeddable":true,"href":"https:\/\/www.laternavox.com\/index.php\/wp-json\/wp\/v2\/media\/338"}],"wp:attachment":[{"href":"https:\/\/www.laternavox.com\/index.php\/wp-json\/wp\/v2\/media?parent=27"}],"curies":[{"name":"wp","href":"https:\/\/api.w.org\/{rel}","templated":true}]}}