{"id":37,"date":"2016-08-22T12:49:17","date_gmt":"2016-08-22T10:49:17","guid":{"rendered":"http:\/\/wp.laternavox.com\/?page_id=37"},"modified":"2022-09-13T17:14:50","modified_gmt":"2022-09-13T15:14:50","slug":"svenska","status":"publish","type":"page","link":"https:\/\/www.laternavox.com\/index.php\/svenska\/","title":{"rendered":""},"content":{"rendered":"<h1>Alla platser har en historia!<\/h1>\n<p>Vi g\u00f6r det tillg\u00e4nglig med ljud och modern teknik!<\/p>\n<p>Vi producerar b\u00e5de inneh\u00e5ll och koncept f\u00f6r f\u00f6rmedling. M\u00e5let \u00e4r att ge kunskap och upplevelser.<\/p>\n<p>P\u00e5 bilden en stol som l\u00e4ser poesi. Du v\u00e4ljer vad med din mobil.<\/p>\n<p>\u201cVi\u201d \u00e4r f\u00f6retaget Laterna Vox AS, eller r\u00e4ttare sagt: Vi \u00e4r ett n\u00e4tverk av f\u00f6rm\u00e5gor, vi samarbetar g\u00e4rna med andra.<\/p>\n<p>V\u00e5ra kunder finns i Sverige och Norge.<\/p>\n","protected":false},"excerpt":{"rendered":"<p>Alla platser har en historia! Vi g\u00f6r det tillg\u00e4nglig med ljud och modern teknik! Vi producerar b\u00e5de inneh\u00e5ll och koncept f\u00f6r f\u00f6rmedling. M\u00e5let \u00e4r att ge kunskap och upplevelser. P\u00e5 bilden en stol som l\u00e4ser poesi. Du v\u00e4ljer vad med din mobil. \u201cVi\u201d \u00e4r f\u00f6retaget Laterna Vox AS, eller r\u00e4ttare sagt: Vi \u00e4r ett n\u00e4tverk [&hellip;]<\/p>\n","protected":false},"author":2,"featured_media":338,"parent":0,"menu_order":0,"comment_status":"closed","ping_status":"closed","template":"","meta":{"_uag_custom_page_level_css":"","site-sidebar-layout":"default","site-content-layout":"","ast-site-content-layout":"default","site-content-style":"default","site-sidebar-style":"default","ast-global-header-display":"","ast-banner-title-visibility":"","ast-main-header-display":"","ast-hfb-above-header-display":"","ast-hfb-below-header-display":"","ast-hfb-mobile-header-display":"","site-post-title":"","ast-breadcrumbs-content":"","ast-featured-img":"","footer-sml-layout":"","ast-disable-related-posts":"","theme-transparent-header-meta":"","adv-header-id-meta":"","stick-header-meta":"","header-above-stick-meta":"","header-main-stick-meta":"","header-below-stick-meta":"","astra-migrate-meta-layouts":"default","ast-page-background-enabled":"default","ast-page-background-meta":{"desktop":{"background-color":"var(--ast-global-color-4)","background-image":"","background-repeat":"repeat","background-position":"center center","background-size":"auto","background-attachment":"scroll","background-type":"","background-media":"","overlay-type":"","overlay-color":"","overlay-opacity":"","overlay-gradient":""},"tablet":{"background-color":"","background-image":"","background-repeat":"repeat","background-position":"center center","background-size":"auto","background-attachment":"scroll","background-type":"","background-media":"","overlay-type":"","overlay-color":"","overlay-opacity":"","overlay-gradient":""},"mobile":{"background-color":"","background-image":"","background-repeat":"repeat","background-position":"center center","background-size":"auto","background-attachment":"scroll","background-type":"","background-media":"","overlay-type":"","overlay-color":"","overlay-opacity":"","overlay-gradient":""}},"ast-content-background-meta":{"desktop":{"background-color":"var(--ast-global-color-5)","background-image":"","background-repeat":"repeat","background-position":"center center","background-size":"auto","background-attachment":"scroll","background-type":"","background-media":"","overlay-type":"","overlay-color":"","overlay-opacity":"","overlay-gradient":""},"tablet":{"background-color":"var(--ast-global-color-5)","background-image":"","background-repeat":"repeat","background-position":"center center","background-size":"auto","background-attachment":"scroll","background-type":"","background-media":"","overlay-type":"","overlay-color":"","overlay-opacity":"","overlay-gradient":""},"mobile":{"background-color":"var(--ast-global-color-5)","background-image":"","background-repeat":"repeat","background-position":"center center","background-size":"auto","background-attachment":"scroll","background-type":"","background-media":"","overlay-type":"","overlay-color":"","overlay-opacity":"","overlay-gradient":""}},"footnotes":""},"class_list":["post-37","page","type-page","status-publish","has-post-thumbnail","hentry"],"uagb_featured_image_src":{"full":["https:\/\/www.laternavox.com\/wp-content\/uploads\/2016\/08\/11754812_882730705152147_4544680122206168446_o-e1472742161804.jpg",2001,980,false],"thumbnail":["https:\/\/www.laternavox.com\/wp-content\/uploads\/2016\/08\/11754812_882730705152147_4544680122206168446_o-e1472742161804-150x150.jpg",150,150,true],"medium":["https:\/\/www.laternavox.com\/wp-content\/uploads\/2016\/08\/11754812_882730705152147_4544680122206168446_o-e1472742161804-300x147.jpg",300,147,true],"medium_large":["https:\/\/www.laternavox.com\/wp-content\/uploads\/2016\/08\/11754812_882730705152147_4544680122206168446_o-e1472742161804-768x376.jpg",768,376,true],"large":["https:\/\/www.laternavox.com\/wp-content\/uploads\/2016\/08\/11754812_882730705152147_4544680122206168446_o-e1472742161804-1024x502.jpg",1024,502,true],"1536x1536":["https:\/\/www.laternavox.com\/wp-content\/uploads\/2016\/08\/11754812_882730705152147_4544680122206168446_o-e1472742161804.jpg",1536,752,false],"2048x2048":["https:\/\/www.laternavox.com\/wp-content\/uploads\/2016\/08\/11754812_882730705152147_4544680122206168446_o-e1472742161804.jpg",2001,980,false]},"uagb_author_info":{"display_name":"Anette Rattfelt","author_link":"https:\/\/www.laternavox.com\/index.php\/author\/anra\/"},"uagb_comment_info":0,"uagb_excerpt":"Alla platser har en historia! Vi g\u00f6r det tillg\u00e4nglig med ljud och modern teknik! Vi producerar b\u00e5de inneh\u00e5ll och koncept f\u00f6r f\u00f6rmedling. M\u00e5let \u00e4r att ge kunskap och upplevelser. P\u00e5 bilden en stol som l\u00e4ser poesi. Du v\u00e4ljer vad med din mobil. \u201cVi\u201d \u00e4r f\u00f6retaget Laterna Vox AS, eller r\u00e4ttare sagt: Vi \u00e4r ett n\u00e4tverk&hellip;","_links":{"self":[{"href":"https:\/\/www.laternavox.com\/index.php\/wp-json\/wp\/v2\/pages\/37","targetHints":{"allow":["GET"]}}],"collection":[{"href":"https:\/\/www.laternavox.com\/index.php\/wp-json\/wp\/v2\/pages"}],"about":[{"href":"https:\/\/www.laternavox.com\/index.php\/wp-json\/wp\/v2\/types\/page"}],"author":[{"embeddable":true,"href":"https:\/\/www.laternavox.com\/index.php\/wp-json\/wp\/v2\/users\/2"}],"replies":[{"embeddable":true,"href":"https:\/\/www.laternavox.com\/index.php\/wp-json\/wp\/v2\/comments?post=37"}],"version-history":[{"count":9,"href":"https:\/\/www.laternavox.com\/index.php\/wp-json\/wp\/v2\/pages\/37\/revisions"}],"predecessor-version":[{"id":1745,"href":"https:\/\/www.laternavox.com\/index.php\/wp-json\/wp\/v2\/pages\/37\/revisions\/1745"}],"wp:featuredmedia":[{"embeddable":true,"href":"https:\/\/www.laternavox.com\/index.php\/wp-json\/wp\/v2\/media\/338"}],"wp:attachment":[{"href":"https:\/\/www.laternavox.com\/index.php\/wp-json\/wp\/v2\/media?parent=37"}],"curies":[{"name":"wp","href":"https:\/\/api.w.org\/{rel}","templated":true}]}}