{"id":6,"date":"2016-08-22T09:34:47","date_gmt":"2016-08-22T07:34:47","guid":{"rendered":"http:\/\/wp.laternavox.com\/?page_id=6"},"modified":"2024-01-08T20:12:47","modified_gmt":"2024-01-08T19:12:47","slug":"6-2","status":"publish","type":"page","link":"https:\/\/www.laternavox.com\/","title":{"rendered":"Forsiden"},"content":{"rendered":"\n<div class=\"wp-block-uagb-container uagb-block-ada22ae3 alignfull uagb-is-root-container\"><div class=\"uagb-container-inner-blocks-wrap\">\n<div class=\"wp-block-uagb-container uagb-block-e9d1b5c1\">\n<div style=\"height:100px\" aria-hidden=\"true\" class=\"wp-block-spacer\"><\/div>\n<\/div>\n\n\n\n<div class=\"wp-block-uagb-container uagb-block-97d69028\">\n<div style=\"height:483px\" aria-hidden=\"true\" class=\"wp-block-spacer\"><\/div>\n\n\n\n<div class=\"wp-block-uagb-container uagb-block-c66ae076\">\n<p>Laterna er et gammelt ord for lykt. Kanskje den lyser sterkt og viser vei, eller s\u00e5 er den et skj\u00f8rt lys fra en liten b\u00e5t i et stort hav.<\/p>\n\n\n\n<p>Vox betyr stemme.<\/p>\n\n\n\n<p>Laterna Vox AS er en bedrift p\u00e5 Norges sydspiss.<\/p>\n<\/div>\n<\/div>\n<\/div><\/div>\n\n\n\n<div style=\"height:100px\" aria-hidden=\"true\" class=\"wp-block-spacer\"><\/div>\n\n\n\n<div class=\"wp-block-uagb-container uagb-block-11c54146 alignfull uagb-is-root-container\"><div class=\"uagb-container-inner-blocks-wrap\">\n<div class=\"wp-block-uagb-container uagb-block-acd62c3a\">\n<div class=\"wp-block-uagb-info-box uagb-block-b1a4d7be uagb-infobox__content-wrap  uagb-infobox-icon-above-title uagb-infobox-image-valign-top\"><div class=\"uagb-ifb-content\"><div class=\"uagb-ifb-icon-wrap\"><svg xmlns=\"https:\/\/www.w3.org\/2000\/svg\" viewBox=\"0 0 512 512\"><path d=\"M464 64C490.5 64 512 85.49 512 112C512 127.1 504.9 141.3 492.8 150.4L275.2 313.6C263.8 322.1 248.2 322.1 236.8 313.6L19.2 150.4C7.113 141.3 0 127.1 0 112C0 85.49 21.49 64 48 64H464zM217.6 339.2C240.4 356.3 271.6 356.3 294.4 339.2L512 176V384C512 419.3 483.3 448 448 448H64C28.65 448 0 419.3 0 384V176L217.6 339.2z\"><\/path><\/svg><\/div><div class=\"uagb-ifb-title-wrap\"><h3 class=\"uagb-ifb-title\">Laterna Vox<\/h3><\/div><p class=\"uagb-ifb-desc\"><a href=\"mailto:post@laternavox.com\">post@laternavox.com<\/a><\/p><\/div><\/div>\n<\/div>\n\n\n\n<div class=\"wp-block-uagb-container uagb-block-fd7885a9\">\n<div class=\"wp-block-uagb-image aligncenter uagb-block-2783ed4c wp-block-uagb-image--layout-default wp-block-uagb-image--effect-static wp-block-uagb-image--align-center\"><figure class=\"wp-block-uagb-image__figure\"><img decoding=\"async\" srcset=\"https:\/\/www.laternavox.com\/wp-content\/uploads\/2016\/08\/fyr.jpg ,https:\/\/www.laternavox.com\/wp-content\/uploads\/2016\/08\/fyr.jpg 780w, https:\/\/www.laternavox.com\/wp-content\/uploads\/2016\/08\/fyr.jpg 360w\" sizes=\"auto, (max-width: 480px) 150px\" src=\"https:\/\/www.laternavox.com\/wp-content\/uploads\/2016\/08\/fyr.jpg\" alt=\"\" class=\"uag-image-1296\" width=\"217\" height=\"163\" title=\"\" loading=\"lazy\"\/><\/figure><\/div>\n<\/div>\n<\/div><\/div>\n","protected":false},"excerpt":{"rendered":"<p>Laterna er et gammelt ord for lykt. Kanskje den lyser sterkt og viser vei, eller s\u00e5 er den et skj\u00f8rt lys fra en liten b\u00e5t i et stort hav. Vox betyr stemme. Laterna Vox AS er en bedrift p\u00e5 Norges sydspiss.<\/p>\n","protected":false},"author":2,"featured_media":0,"parent":0,"menu_order":0,"comment_status":"closed","ping_status":"closed","template":"","meta":{"_uag_custom_page_level_css":"","site-sidebar-layout":"default","site-content-layout":"","ast-site-content-layout":"default","site-content-style":"default","site-sidebar-style":"default","ast-global-header-display":"","ast-banner-title-visibility":"","ast-main-header-display":"","ast-hfb-above-header-display":"","ast-hfb-below-header-display":"","ast-hfb-mobile-header-display":"","site-post-title":"disabled","ast-breadcrumbs-content":"","ast-featured-img":"disabled","footer-sml-layout":"","ast-disable-related-posts":"","theme-transparent-header-meta":"","adv-header-id-meta":"","stick-header-meta":"","header-above-stick-meta":"","header-main-stick-meta":"","header-below-stick-meta":"","astra-migrate-meta-layouts":"default","ast-page-background-enabled":"default","ast-page-background-meta":{"desktop":{"background-color":"var(--ast-global-color-4)","background-image":"","background-repeat":"repeat","background-position":"center center","background-size":"auto","background-attachment":"scroll","background-type":"","background-media":"","overlay-type":"","overlay-color":"","overlay-opacity":"","overlay-gradient":""},"tablet":{"background-color":"","background-image":"","background-repeat":"repeat","background-position":"center center","background-size":"auto","background-attachment":"scroll","background-type":"","background-media":"","overlay-type":"","overlay-color":"","overlay-opacity":"","overlay-gradient":""},"mobile":{"background-color":"","background-image":"","background-repeat":"repeat","background-position":"center center","background-size":"auto","background-attachment":"scroll","background-type":"","background-media":"","overlay-type":"","overlay-color":"","overlay-opacity":"","overlay-gradient":""}},"ast-content-background-meta":{"desktop":{"background-color":"var(--ast-global-color-5)","background-image":"","background-repeat":"repeat","background-position":"center center","background-size":"auto","background-attachment":"scroll","background-type":"","background-media":"","overlay-type":"","overlay-color":"","overlay-opacity":"","overlay-gradient":""},"tablet":{"background-color":"var(--ast-global-color-5)","background-image":"","background-repeat":"repeat","background-position":"center center","background-size":"auto","background-attachment":"scroll","background-type":"","background-media":"","overlay-type":"","overlay-color":"","overlay-opacity":"","overlay-gradient":""},"mobile":{"background-color":"var(--ast-global-color-5)","background-image":"","background-repeat":"repeat","background-position":"center center","background-size":"auto","background-attachment":"scroll","background-type":"","background-media":"","overlay-type":"","overlay-color":"","overlay-opacity":"","overlay-gradient":""}},"footnotes":""},"class_list":["post-6","page","type-page","status-publish","hentry"],"uagb_featured_image_src":{"full":false,"thumbnail":false,"medium":false,"medium_large":false,"large":false,"1536x1536":false,"2048x2048":false},"uagb_author_info":{"display_name":"Anette Rattfelt","author_link":"https:\/\/www.laternavox.com\/index.php\/author\/anra\/"},"uagb_comment_info":0,"uagb_excerpt":"Laterna er et gammelt ord for lykt. Kanskje den lyser sterkt og viser vei, eller s\u00e5 er den et skj\u00f8rt lys fra en liten b\u00e5t i et stort hav. Vox betyr stemme. Laterna Vox AS er en bedrift p\u00e5 Norges sydspiss.","_links":{"self":[{"href":"https:\/\/www.laternavox.com\/index.php\/wp-json\/wp\/v2\/pages\/6","targetHints":{"allow":["GET"]}}],"collection":[{"href":"https:\/\/www.laternavox.com\/index.php\/wp-json\/wp\/v2\/pages"}],"about":[{"href":"https:\/\/www.laternavox.com\/index.php\/wp-json\/wp\/v2\/types\/page"}],"author":[{"embeddable":true,"href":"https:\/\/www.laternavox.com\/index.php\/wp-json\/wp\/v2\/users\/2"}],"replies":[{"embeddable":true,"href":"https:\/\/www.laternavox.com\/index.php\/wp-json\/wp\/v2\/comments?post=6"}],"version-history":[{"count":206,"href":"https:\/\/www.laternavox.com\/index.php\/wp-json\/wp\/v2\/pages\/6\/revisions"}],"predecessor-version":[{"id":1776,"href":"https:\/\/www.laternavox.com\/index.php\/wp-json\/wp\/v2\/pages\/6\/revisions\/1776"}],"wp:attachment":[{"href":"https:\/\/www.laternavox.com\/index.php\/wp-json\/wp\/v2\/media?parent=6"}],"curies":[{"name":"wp","href":"https:\/\/api.w.org\/{rel}","templated":true}]}}