{"id":60,"date":"2016-08-22T13:11:58","date_gmt":"2016-08-22T11:11:58","guid":{"rendered":"http:\/\/wp.laternavox.com\/?page_id=60"},"modified":"2024-04-28T00:01:05","modified_gmt":"2024-04-27T22:01:05","slug":"prosjekt","status":"publish","type":"page","link":"https:\/\/www.laternavox.com\/index.php\/prosjekt\/","title":{"rendered":"Hva gj\u00f8r vi?"},"content":{"rendered":"<p>Laterna Vox AS designer og produserer informasjon, ofte med utgangspunkt i natur, friluftsliv eller kulturhistorie. Det kan v\u00e6re et skilt i naturen, en digital guide, en quiz eller noe annet som trenger tekst, foto eller lyd. Vi bearbeider innhold som finnes eller tar det hele fra begynnelsen med forarbeid, innspilling, fotografering, redigering, tekst og design. Vi fikser den formidling som \u00f8nskes, og har mange gode samarbeidspartnere. For eksempel Jonas Langbr\u00e5ten som har fotografert sandl\u00f8peren her. (Design: Laterna Vox, basert p\u00e5 designmalen for verneomr\u00e5der i Norge.)<\/p>\n<p><img loading=\"lazy\" decoding=\"async\" class=\"size-large wp-image-1555 aligncenter\" src=\"https:\/\/www.laternavox.com\/wp-content\/uploads\/2020\/10\/sandl\u00f8pere-1024x728.png\" alt=\"\" width=\"740\" height=\"526\" srcset=\"https:\/\/www.laternavox.com\/wp-content\/uploads\/2020\/10\/sandl\u00f8pere-1024x728.png 1024w, https:\/\/www.laternavox.com\/wp-content\/uploads\/2020\/10\/sandl\u00f8pere-300x213.png 300w, https:\/\/www.laternavox.com\/wp-content\/uploads\/2020\/10\/sandl\u00f8pere-768x546.png 768w, https:\/\/www.laternavox.com\/wp-content\/uploads\/2020\/10\/sandl\u00f8pere-1440x1024.png 1440w, https:\/\/www.laternavox.com\/wp-content\/uploads\/2020\/10\/sandl\u00f8pere.png 1584w\" sizes=\"auto, (max-width: 740px) 100vw, 740px\" \/><\/p>\n<p><img loading=\"lazy\" decoding=\"async\" class=\"aligncenter wp-image-1401 size-large\" src=\"https:\/\/www.laternavox.com\/wp-content\/uploads\/2016\/08\/Skjermbilde-2017-11-13-kl.-12.46.08-1024x351.png\" alt=\"\" width=\"740\" height=\"254\" srcset=\"https:\/\/www.laternavox.com\/wp-content\/uploads\/2016\/08\/Skjermbilde-2017-11-13-kl.-12.46.08-1024x351.png 1024w, https:\/\/www.laternavox.com\/wp-content\/uploads\/2016\/08\/Skjermbilde-2017-11-13-kl.-12.46.08-300x103.png 300w, https:\/\/www.laternavox.com\/wp-content\/uploads\/2016\/08\/Skjermbilde-2017-11-13-kl.-12.46.08-768x263.png 768w, https:\/\/www.laternavox.com\/wp-content\/uploads\/2016\/08\/Skjermbilde-2017-11-13-kl.-12.46.08-1440x493.png 1440w, https:\/\/www.laternavox.com\/wp-content\/uploads\/2016\/08\/Skjermbilde-2017-11-13-kl.-12.46.08.png 2038w\" sizes=\"auto, (max-width: 740px) 100vw, 740px\" \/><\/p>\n<hr \/>\n<p>\u00a0<\/p>\n<p><img loading=\"lazy\" decoding=\"async\" class=\"aligncenter wp-image-1227 size-large\" src=\"https:\/\/www.laternavox.com\/wp-content\/uploads\/2016\/08\/norsklaguide-1024x751.jpg\" alt=\"\" width=\"740\" height=\"543\" srcset=\"https:\/\/www.laternavox.com\/wp-content\/uploads\/2016\/08\/norsklaguide-1024x751.jpg 1024w, https:\/\/www.laternavox.com\/wp-content\/uploads\/2016\/08\/norsklaguide-300x220.jpg 300w, https:\/\/www.laternavox.com\/wp-content\/uploads\/2016\/08\/norsklaguide-768x563.jpg 768w, https:\/\/www.laternavox.com\/wp-content\/uploads\/2016\/08\/norsklaguide.jpg 1386w\" sizes=\"auto, (max-width: 740px) 100vw, 740px\" \/><\/p>\n<p><strong><em>\u00abMobilguiden fungerade som en levande guide. Mer engagerande \u00e4n skyltarna.\u00bb <\/em><\/strong>\u00a0Fra evaluering av mobilguiden til summerfuglstien i Uppsala.<\/p>\n<p>Et tidligere prosjekt var lyd og historier\u00a0til \u00a0&laquo;Telegrafen&raquo; i Ny \u00c5lesund, Svalbard (ikke mobilguide).\u00a0\u00a0Med h\u00f8yttalere p\u00e5 plass. Det var et oppdrag til Telemuseet\/Telenor Kulturarv i samarbeid med Fluxloop.<\/p>\n<p>I Laterna Vox finnes medhjelpere som tegner. F eks dette:<\/p>\n<p><img loading=\"lazy\" decoding=\"async\" class=\"wp-image-1531 aligncenter\" src=\"https:\/\/www.laternavox.com\/wp-content\/uploads\/2020\/10\/81808273_2699170020164711_4108243854799405056_o-1024x1024.jpg\" alt=\"\" width=\"178\" height=\"178\" srcset=\"https:\/\/www.laternavox.com\/wp-content\/uploads\/2020\/10\/81808273_2699170020164711_4108243854799405056_o-1024x1024.jpg 1024w, https:\/\/www.laternavox.com\/wp-content\/uploads\/2020\/10\/81808273_2699170020164711_4108243854799405056_o-150x150.jpg 150w, https:\/\/www.laternavox.com\/wp-content\/uploads\/2020\/10\/81808273_2699170020164711_4108243854799405056_o-300x300.jpg 300w, https:\/\/www.laternavox.com\/wp-content\/uploads\/2020\/10\/81808273_2699170020164711_4108243854799405056_o-768x768.jpg 768w, https:\/\/www.laternavox.com\/wp-content\/uploads\/2020\/10\/81808273_2699170020164711_4108243854799405056_o.jpg 1440w\" sizes=\"auto, (max-width: 178px) 100vw, 178px\" \/><\/p>\n<p>Ved Norges sydspiss har vi laget en poesistol, en Lyttestasjon. Bes\u00f8kende kan lytte til barn som snakker om livet eller til poesi. Diktene leses fra stolens rygg. H\u00f8yttaler er bygget inn. Man velger dikt\u00a0via mobilen. Om Lyttestasjonen p\u00e5 <strong><a href=\"https:\/\/www.tripadvisor.co.uk\/LocationPhotoDirectLink-g1949763-d8499243-i143811592-Lyttestasjonen_paa_Trones-Spangereid_Lindesnes_Municipality_Vest_Agder_.html\">TripAdvisor<\/a><\/strong><\/p>\n<hr \/>\n<h4>\u00a0<\/h4>\n<h4><strong>Eksempler p\u00e5 kunder:<\/strong><\/h4>\n<p><img loading=\"lazy\" decoding=\"async\" class=\"wp-image-1355 size-full aligncenter\" src=\"https:\/\/www.laternavox.com\/wp-content\/uploads\/2016\/08\/Skjermbilde-2017-11-12-kl.-23.57.54-1.png\" alt=\"\" width=\"1430\" height=\"643\" srcset=\"https:\/\/www.laternavox.com\/wp-content\/uploads\/2016\/08\/Skjermbilde-2017-11-12-kl.-23.57.54-1.png 1430w, https:\/\/www.laternavox.com\/wp-content\/uploads\/2016\/08\/Skjermbilde-2017-11-12-kl.-23.57.54-1-300x135.png 300w, https:\/\/www.laternavox.com\/wp-content\/uploads\/2016\/08\/Skjermbilde-2017-11-12-kl.-23.57.54-1-768x345.png 768w, https:\/\/www.laternavox.com\/wp-content\/uploads\/2016\/08\/Skjermbilde-2017-11-12-kl.-23.57.54-1-1024x460.png 1024w\" sizes=\"auto, (max-width: 1430px) 100vw, 1430px\" \/><\/p>\n<p><img loading=\"lazy\" decoding=\"async\" class=\"wp-image-1351 size-full aligncenter\" src=\"https:\/\/www.laternavox.com\/wp-content\/uploads\/2016\/08\/Skjermbilde-2017-11-13-kl.-00.15.59.png\" alt=\"\" width=\"1644\" height=\"998\" srcset=\"https:\/\/www.laternavox.com\/wp-content\/uploads\/2016\/08\/Skjermbilde-2017-11-13-kl.-00.15.59.png 1644w, https:\/\/www.laternavox.com\/wp-content\/uploads\/2016\/08\/Skjermbilde-2017-11-13-kl.-00.15.59-300x182.png 300w, https:\/\/www.laternavox.com\/wp-content\/uploads\/2016\/08\/Skjermbilde-2017-11-13-kl.-00.15.59-768x466.png 768w, https:\/\/www.laternavox.com\/wp-content\/uploads\/2016\/08\/Skjermbilde-2017-11-13-kl.-00.15.59-1024x622.png 1024w, https:\/\/www.laternavox.com\/wp-content\/uploads\/2016\/08\/Skjermbilde-2017-11-13-kl.-00.15.59-1440x874.png 1440w\" sizes=\"auto, (max-width: 1644px) 100vw, 1644px\" \/><\/p>\n\n\n<p><\/p>\n","protected":false},"excerpt":{"rendered":"<p>Laterna Vox AS designer og produserer informasjon, ofte med utgangspunkt i natur, friluftsliv eller kulturhistorie. Det kan v\u00e6re et skilt i naturen, en digital guide, en quiz eller noe annet som trenger tekst, foto eller lyd. Vi bearbeider innhold som finnes eller tar det hele fra begynnelsen med forarbeid, innspilling, fotografering, redigering, tekst og design. [&hellip;]<\/p>\n","protected":false},"author":2,"featured_media":1381,"parent":0,"menu_order":0,"comment_status":"closed","ping_status":"closed","template":"","meta":{"_uag_custom_page_level_css":"","site-sidebar-layout":"default","site-content-layout":"","ast-site-content-layout":"default","site-content-style":"default","site-sidebar-style":"default","ast-global-header-display":"","ast-banner-title-visibility":"","ast-main-header-display":"","ast-hfb-above-header-display":"","ast-hfb-below-header-display":"","ast-hfb-mobile-header-display":"","site-post-title":"","ast-breadcrumbs-content":"","ast-featured-img":"","footer-sml-layout":"","ast-disable-related-posts":"","theme-transparent-header-meta":"","adv-header-id-meta":"","stick-header-meta":"","header-above-stick-meta":"","header-main-stick-meta":"","header-below-stick-meta":"","astra-migrate-meta-layouts":"default","ast-page-background-enabled":"default","ast-page-background-meta":{"desktop":{"background-color":"var(--ast-global-color-4)","background-image":"","background-repeat":"repeat","background-position":"center center","background-size":"auto","background-attachment":"scroll","background-type":"","background-media":"","overlay-type":"","overlay-color":"","overlay-opacity":"","overlay-gradient":""},"tablet":{"background-color":"","background-image":"","background-repeat":"repeat","background-position":"center center","background-size":"auto","background-attachment":"scroll","background-type":"","background-media":"","overlay-type":"","overlay-color":"","overlay-opacity":"","overlay-gradient":""},"mobile":{"background-color":"","background-image":"","background-repeat":"repeat","background-position":"center center","background-size":"auto","background-attachment":"scroll","background-type":"","background-media":"","overlay-type":"","overlay-color":"","overlay-opacity":"","overlay-gradient":""}},"ast-content-background-meta":{"desktop":{"background-color":"var(--ast-global-color-5)","background-image":"","background-repeat":"repeat","background-position":"center center","background-size":"auto","background-attachment":"scroll","background-type":"","background-media":"","overlay-type":"","overlay-color":"","overlay-opacity":"","overlay-gradient":""},"tablet":{"background-color":"var(--ast-global-color-5)","background-image":"","background-repeat":"repeat","background-position":"center center","background-size":"auto","background-attachment":"scroll","background-type":"","background-media":"","overlay-type":"","overlay-color":"","overlay-opacity":"","overlay-gradient":""},"mobile":{"background-color":"var(--ast-global-color-5)","background-image":"","background-repeat":"repeat","background-position":"center center","background-size":"auto","background-attachment":"scroll","background-type":"","background-media":"","overlay-type":"","overlay-color":"","overlay-opacity":"","overlay-gradient":""}},"footnotes":""},"class_list":["post-60","page","type-page","status-publish","has-post-thumbnail","hentry"],"uagb_featured_image_src":{"full":["https:\/\/www.laternavox.com\/wp-content\/uploads\/2016\/08\/vag5.jpg",5970,1814,false],"thumbnail":["https:\/\/www.laternavox.com\/wp-content\/uploads\/2016\/08\/vag5-150x150.jpg",150,150,true],"medium":["https:\/\/www.laternavox.com\/wp-content\/uploads\/2016\/08\/vag5-300x91.jpg",300,91,true],"medium_large":["https:\/\/www.laternavox.com\/wp-content\/uploads\/2016\/08\/vag5-768x233.jpg",768,233,true],"large":["https:\/\/www.laternavox.com\/wp-content\/uploads\/2016\/08\/vag5-1024x311.jpg",1024,311,true],"1536x1536":["https:\/\/www.laternavox.com\/wp-content\/uploads\/2016\/08\/vag5.jpg",1536,467,false],"2048x2048":["https:\/\/www.laternavox.com\/wp-content\/uploads\/2016\/08\/vag5.jpg",2048,622,false]},"uagb_author_info":{"display_name":"Anette Rattfelt","author_link":"https:\/\/www.laternavox.com\/index.php\/author\/anra\/"},"uagb_comment_info":0,"uagb_excerpt":"Laterna Vox AS designer og produserer informasjon, ofte med utgangspunkt i natur, friluftsliv eller kulturhistorie. Det kan v\u00e6re et skilt i naturen, en digital guide, en quiz eller noe annet som trenger tekst, foto eller lyd. Vi bearbeider innhold som finnes eller tar det hele fra begynnelsen med forarbeid, innspilling, fotografering, redigering, tekst og design.&hellip;","_links":{"self":[{"href":"https:\/\/www.laternavox.com\/index.php\/wp-json\/wp\/v2\/pages\/60","targetHints":{"allow":["GET"]}}],"collection":[{"href":"https:\/\/www.laternavox.com\/index.php\/wp-json\/wp\/v2\/pages"}],"about":[{"href":"https:\/\/www.laternavox.com\/index.php\/wp-json\/wp\/v2\/types\/page"}],"author":[{"embeddable":true,"href":"https:\/\/www.laternavox.com\/index.php\/wp-json\/wp\/v2\/users\/2"}],"replies":[{"embeddable":true,"href":"https:\/\/www.laternavox.com\/index.php\/wp-json\/wp\/v2\/comments?post=60"}],"version-history":[{"count":164,"href":"https:\/\/www.laternavox.com\/index.php\/wp-json\/wp\/v2\/pages\/60\/revisions"}],"predecessor-version":[{"id":1786,"href":"https:\/\/www.laternavox.com\/index.php\/wp-json\/wp\/v2\/pages\/60\/revisions\/1786"}],"wp:featuredmedia":[{"embeddable":true,"href":"https:\/\/www.laternavox.com\/index.php\/wp-json\/wp\/v2\/media\/1381"}],"wp:attachment":[{"href":"https:\/\/www.laternavox.com\/index.php\/wp-json\/wp\/v2\/media?parent=60"}],"curies":[{"name":"wp","href":"https:\/\/api.w.org\/{rel}","templated":true}]}}